{"id":11850,"date":"2016-06-24T12:08:02","date_gmt":"2016-06-24T12:08:02","guid":{"rendered":"http:\/\/template.cmsmasters.net\/?page_id=11850"},"modified":"2025-11-24T11:04:58","modified_gmt":"2025-11-24T11:04:58","slug":"inscription","status":"publish","type":"page","link":"https:\/\/bambiland.be\/nl\/inscription\/","title":{"rendered":"Inschrijving"},"content":{"rendered":"<div id=\"cmsmasters_row_q15its64th\" class=\"cmsmasters_row cmsmasters_color_scheme_default cmsmasters_row_top_default cmsmasters_row_bot_default cmsmasters_row_boxed\">\n<div class=\"cmsmasters_row_outer_parent\">\n<div class=\"cmsmasters_row_outer\">\n<div class=\"cmsmasters_row_inner\">\n<div class=\"cmsmasters_row_margin\">\n<div id=\"cmsmasters_column_h14dbbdaf\" class=\"cmsmasters_column one_first\">\n<div class=\"cmsmasters_column_inner\"><\/div><\/div>\n<\/div>\n<\/div>\n<\/div>\n<\/div>\n<\/div>\n<div id=\"cmsmasters_row_nawy8ivrta\" class=\"cmsmasters_row cmsmasters_color_scheme_default cmsmasters_row_top_default cmsmasters_row_bot_default cmsmasters_row_boxed\">\n<div class=\"cmsmasters_row_outer_parent\">\n<div class=\"cmsmasters_row_outer\">\n<div class=\"cmsmasters_row_inner\">\n<div class=\"cmsmasters_row_margin\">\n<div id=\"cmsmasters_column_6nu6fbznln\" class=\"cmsmasters_column one_first\">\n<div class=\"cmsmasters_column_inner\"><\/div><\/div>\n<\/div>\n<\/div>\n<\/div>\n<\/div>\n<\/div>\n<div id=\"cmsmasters_row_5sulvubb8b\" class=\"cmsmasters_row cmsmasters_color_scheme_default cmsmasters_row_top_default cmsmasters_row_bot_default cmsmasters_row_boxed\">\n<div class=\"cmsmasters_row_outer_parent\">\n<div class=\"cmsmasters_row_outer\">\n<div class=\"cmsmasters_row_inner\">\n<div class=\"cmsmasters_row_margin\">\n<div id=\"cmsmasters_column_kswkot6p2s\" class=\"cmsmasters_column one_first\">\n<div class=\"cmsmasters_column_inner\"><p><\/p>\n<\/div><\/div>\n<\/div>\n<\/div>\n<\/div>\n<\/div>\n<\/div>\n<div id=\"cmsmasters_row_\" class=\"cmsmasters_row cmsmasters_color_scheme_default cmsmasters_row_top_default cmsmasters_row_bot_default cmsmasters_row_boxed\">\n<div class=\"cmsmasters_row_outer_parent\">\n<div class=\"cmsmasters_row_outer\">\n<div class=\"cmsmasters_row_inner\">\n<div class=\"cmsmasters_row_margin\">\n<div id=\"cmsmasters_column_\" class=\"cmsmasters_column one_first\">\n<div class=\"cmsmasters_column_inner\"><div class=\"cmsmasters_text\">\n<p>&nbsp;<\/p>\n<\/div>\n<\/div><\/div>\n<\/div>\n<\/div>\n<\/div>\n<\/div>\n<\/div>\n<div id=\"cmsmasters_row_28343d74ce\" class=\"cmsmasters_row cmsmasters_color_scheme_default cmsmasters_row_top_default cmsmasters_row_bot_default cmsmasters_row_boxed\">\n<div class=\"cmsmasters_row_outer_parent\">\n<div class=\"cmsmasters_row_outer\">\n<div class=\"cmsmasters_row_inner\">\n<div class=\"cmsmasters_row_margin\">\n<div id=\"cmsmasters_column_\" class=\"cmsmasters_column one_first\">\n<div class=\"cmsmasters_column_inner\"><div id=\"cmsmasters_heading_q8tthjo8jl\" class=\"cmsmasters_heading_wrap cmsmasters_heading_align_left\">\n\t<h2 class=\"cmsmasters_heading\">Inschrijvingsformulier \u2013 Cr\u00e8che Bambi<\/h2>\n<\/div><div class=\"cmsmasters_text\">\n<p>Wij danken u voor uw interesse in Cr\u00e8che Bambi. Om de inschrijving van uw kind te vergemakkelijken, vragen wij u vriendelijk het onderstaande formulier in te vullen. Nadat het formulier is ingediend, zal ons team contact met u opnemen om de inschrijving te finaliseren.<\/p>\n<\/div>\n<div class=\"cmsmasters_contact_form\">\n<div class=\"wpcf7 no-js\" id=\"wpcf7-f14426-o1\" lang=\"en-US\" dir=\"ltr\" data-wpcf7-id=\"14426\">\n<div class=\"screen-reader-response\"><p role=\"status\" aria-live=\"polite\" aria-atomic=\"true\"><\/p> <ul><\/ul><\/div>\n<form action=\"\/nl\/wp-json\/wp\/v2\/pages\/11850#wpcf7-f14426-o1\" method=\"post\" class=\"wpcf7-form init\" aria-label=\"Contact form\" novalidate=\"novalidate\" data-status=\"init\" data-trp-original-action=\"\/nl\/wp-json\/wp\/v2\/pages\/11850#wpcf7-f14426-o1\">\n<div style=\"display: none;\">\n<input type=\"hidden\" name=\"_wpcf7\" value=\"14426\" \/>\n<input type=\"hidden\" name=\"_wpcf7_version\" value=\"6.0\" \/>\n<input type=\"hidden\" name=\"_wpcf7_locale\" value=\"en_US\" \/>\n<input type=\"hidden\" name=\"_wpcf7_unit_tag\" value=\"wpcf7-f14426-o1\" \/>\n<input type=\"hidden\" name=\"_wpcf7_container_post\" value=\"0\" \/>\n<input type=\"hidden\" name=\"_wpcf7_posted_data_hash\" value=\"\" \/>\n<\/div>\n<h3>Informatie over het Kind\n<\/h3>\n<p><label> Naam van het kind<br \/>\n<span class=\"wpcf7-form-control-wrap\" data-name=\"child-last-name\"><input size=\"40\" maxlength=\"400\" class=\"wpcf7-form-control wpcf7-text wpcf7-validates-as-required\" aria-required=\"true\" aria-invalid=\"false\" value=\"\" type=\"text\" name=\"child-last-name\" \/><\/span> <\/label>\n<\/p>\n<p><label> Voornaam van het kind<br \/>\n<span class=\"wpcf7-form-control-wrap\" data-name=\"child-first-name\"><input size=\"40\" maxlength=\"400\" class=\"wpcf7-form-control wpcf7-text wpcf7-validates-as-required\" aria-required=\"true\" aria-invalid=\"false\" value=\"\" type=\"text\" name=\"child-first-name\" \/><\/span> <\/label>\n<\/p>\n<p><label> Geboortedatum van het kind<br \/>\n<span class=\"wpcf7-form-control-wrap\" data-name=\"child-dob\"><input class=\"wpcf7-form-control wpcf7-date wpcf7-validates-as-required wpcf7-validates-as-date\" aria-required=\"true\" aria-invalid=\"false\" value=\"\" type=\"date\" name=\"child-dob\" \/><\/span> <\/label>\n<\/p>\n<p><label> Geslacht <\/label>\n<\/p>\n<p><span class=\"wpcf7-form-control-wrap\" data-name=\"child-gender\"><span class=\"wpcf7-form-control wpcf7-radio\"><span class=\"wpcf7-list-item first\"><label><input type=\"radio\" name=\"child-gender\" value=\"Masculin\" checked=\"checked\" \/><span class=\"wpcf7-list-item-label\">Mannelijk<\/span><\/label><\/span><span class=\"wpcf7-list-item\"><label><input type=\"radio\" name=\"child-gender\" value=\"F\u00e9minin\" \/><span class=\"wpcf7-list-item-label\">Vrouwelijk<\/span><\/label><\/span><span class=\"wpcf7-list-item last\"><label><input type=\"radio\" name=\"child-gender\" value=\"Autre\" \/><span class=\"wpcf7-list-item-label\">Anders<\/span><\/label><\/span><\/span><\/span>\n<\/p>\n<p><label> Adres van het kind<br \/>\n<span class=\"wpcf7-form-control-wrap\" data-name=\"child-address\"><input size=\"40\" maxlength=\"400\" class=\"wpcf7-form-control wpcf7-text wpcf7-validates-as-required\" aria-required=\"true\" aria-invalid=\"false\" value=\"\" type=\"text\" name=\"child-address\" \/><\/span> <\/label>\n<\/p>\n<h3>Informatie van de Ouders\n<\/h3>\n<p><label> Naam en voornaam van de ouders<br \/>\n<span class=\"wpcf7-form-control-wrap\" data-name=\"parent-names\"><input size=\"40\" maxlength=\"400\" class=\"wpcf7-form-control wpcf7-text wpcf7-validates-as-required\" aria-required=\"true\" aria-invalid=\"false\" value=\"\" type=\"text\" name=\"parent-names\" \/><\/span> <\/label>\n<\/p>\n<p><label> Telefoonnummer van de ouders<br \/>\n<span class=\"wpcf7-form-control-wrap\" data-name=\"parent-phone\"><input size=\"40\" maxlength=\"400\" class=\"wpcf7-form-control wpcf7-tel wpcf7-validates-as-required wpcf7-text wpcf7-validates-as-tel\" aria-required=\"true\" aria-invalid=\"false\" value=\"\" type=\"tel\" name=\"parent-phone\" \/><\/span> <\/label>\n<\/p>\n<p><label> E-mailadres van de ouders<br \/>\n<span class=\"wpcf7-form-control-wrap\" data-name=\"parent-email\"><input size=\"40\" maxlength=\"400\" class=\"wpcf7-form-control wpcf7-email wpcf7-validates-as-required wpcf7-text wpcf7-validates-as-email\" aria-required=\"true\" aria-invalid=\"false\" value=\"\" type=\"email\" name=\"parent-email\" \/><\/span> <\/label>\n<\/p>\n<h3>Informatie over de Bezoek van de Cr\u00e8che\n<\/h3>\n<p><label>Gewenst type opvang<\/label>\n<\/p>\n<p><span class=\"wpcf7-form-control-wrap\" data-name=\"childcare-type\"><span class=\"wpcf7-form-control wpcf7-radio\"><span class=\"wpcf7-list-item first\"><label><input type=\"radio\" name=\"childcare-type\" value=\"Temps plein\" checked=\"checked\" \/><span class=\"wpcf7-list-item-label\">Volledige tijd<\/span><\/label><\/span><span class=\"wpcf7-list-item last\"><label><input type=\"radio\" name=\"childcare-type\" value=\"Temps partiel\" \/><span class=\"wpcf7-list-item-label\">Deeltijd<\/span><\/label><\/span><\/span><\/span>\n<\/p>\n<p><label>Gewenst aantal dagen per week<\/label>\n<\/p>\n<p><span class=\"wpcf7-form-control-wrap\" data-name=\"childcare-days\"><span class=\"wpcf7-form-control wpcf7-radio\"><span class=\"wpcf7-list-item first\"><label><input type=\"radio\" name=\"childcare-days\" value=\"1 jour\" \/><span class=\"wpcf7-list-item-label\">1 dag<\/span><\/label><\/span><span class=\"wpcf7-list-item\"><label><input type=\"radio\" name=\"childcare-days\" value=\"2 jours\" \/><span class=\"wpcf7-list-item-label\">2 dagen<\/span><\/label><\/span><span class=\"wpcf7-list-item\"><label><input type=\"radio\" name=\"childcare-days\" value=\"3 jours\" \/><span class=\"wpcf7-list-item-label\">3 dagen<\/span><\/label><\/span><span class=\"wpcf7-list-item\"><label><input type=\"radio\" name=\"childcare-days\" value=\"4 jours\" checked=\"checked\" \/><span class=\"wpcf7-list-item-label\">4 dagen<\/span><\/label><\/span><span class=\"wpcf7-list-item last\"><label><input type=\"radio\" name=\"childcare-days\" value=\"5 jours\" \/><span class=\"wpcf7-list-item-label\">5 dagen<\/span><\/label><\/span><\/span><\/span>\n<\/p>\n<p><label> Gewenste uren<br \/>\n<span class=\"wpcf7-form-control-wrap\" data-name=\"childcare-hours\"><input size=\"40\" maxlength=\"400\" class=\"wpcf7-form-control wpcf7-text\" aria-invalid=\"false\" value=\"\" type=\"text\" name=\"childcare-hours\" \/><\/span> <\/label>\n<\/p>\n<p><label> Gewenste startdatum<br \/>\n<span class=\"wpcf7-form-control-wrap\" data-name=\"childcare-start-date\"><input class=\"wpcf7-form-control wpcf7-date wpcf7-validates-as-required wpcf7-validates-as-date\" aria-required=\"true\" aria-invalid=\"false\" value=\"\" type=\"date\" name=\"childcare-start-date\" \/><\/span> <\/label>\n<\/p>\n<h3>Medische voorgeschiedenis en allergie\u00ebn\n<\/h3>\n<p><label>Heeft het kind voedselallergie\u00ebn of andere allergie\u00ebn?<\/label>\n<\/p>\n<p><span class=\"wpcf7-form-control-wrap\" data-name=\"child-allergies\"><span class=\"wpcf7-form-control wpcf7-radio\"><span class=\"wpcf7-list-item first\"><label><input type=\"radio\" name=\"child-allergies\" value=\"Oui\" \/><span class=\"wpcf7-list-item-label\">Ja<\/span><\/label><\/span><span class=\"wpcf7-list-item last\"><label><input type=\"radio\" name=\"child-allergies\" value=\"Non\" checked=\"checked\" \/><span class=\"wpcf7-list-item-label\">Nee<\/span><\/label><\/span><\/span><\/span>\n<\/p>\n<p>Zo ja, geef details\n<\/p>\n<p><span class=\"wpcf7-form-control-wrap\" data-name=\"child-allergy-details\"><textarea cols=\"40\" rows=\"10\" maxlength=\"2000\" class=\"wpcf7-form-control wpcf7-textarea\" aria-invalid=\"false\" name=\"child-allergy-details\"><\/textarea><\/span>\n<\/p>\n<p><label>Heeft het kind specifieke medische behoeften?<\/label>\n<\/p>\n<p><span class=\"wpcf7-form-control-wrap\" data-name=\"child-medical-needs\"><span class=\"wpcf7-form-control wpcf7-radio\"><span class=\"wpcf7-list-item first\"><label><input type=\"radio\" name=\"child-medical-needs\" value=\"Oui\" \/><span class=\"wpcf7-list-item-label\">Ja<\/span><\/label><\/span><span class=\"wpcf7-list-item last\"><label><input type=\"radio\" name=\"child-medical-needs\" value=\"Non\" checked=\"checked\" \/><span class=\"wpcf7-list-item-label\">Nee<\/span><\/label><\/span><\/span><\/span>\n<\/p>\n<p>Zo ja, geef details\n<\/p>\n<p><span class=\"wpcf7-form-control-wrap\" data-name=\"child-medical-details\"><textarea cols=\"40\" rows=\"10\" maxlength=\"2000\" class=\"wpcf7-form-control wpcf7-textarea\" aria-invalid=\"false\" name=\"child-medical-details\"><\/textarea><\/span>\n<\/p>\n<h3>Overige Informatie\n<\/h3>\n<p><label> Naam van de persoon om te contacteren in geval van nood<br \/>\n<span class=\"wpcf7-form-control-wrap\" data-name=\"emergency-contact-name\"><input size=\"40\" maxlength=\"400\" class=\"wpcf7-form-control wpcf7-text\" aria-invalid=\"false\" value=\"\" type=\"text\" name=\"emergency-contact-name\" \/><\/span> <\/label>\n<\/p>\n<p><label> Relatie tot het kind<br \/>\n<span class=\"wpcf7-form-control-wrap\" data-name=\"emergency-contact-relation\"><input size=\"40\" maxlength=\"400\" class=\"wpcf7-form-control wpcf7-text\" aria-invalid=\"false\" value=\"\" type=\"text\" name=\"emergency-contact-relation\" \/><\/span> <\/label>\n<\/p>\n<p><label> Vertrekvergunning<br \/>\n<span class=\"wpcf7-form-control-wrap\" data-name=\"pickup-authorization\"><input size=\"40\" maxlength=\"400\" class=\"wpcf7-form-control wpcf7-text\" aria-invalid=\"false\" value=\"\" type=\"text\" name=\"pickup-authorization\" \/><\/span> <\/label>\n<\/p>\n<h3>Toestemmingen\n<\/h3>\n<p><label>Toestemming voor foto's\/video's<\/label>\n<\/p>\n<p><span class=\"wpcf7-form-control-wrap\" data-name=\"photo-consent\"><span class=\"wpcf7-form-control wpcf7-radio\"><span class=\"wpcf7-list-item first\"><label><input type=\"radio\" name=\"photo-consent\" value=\"J\u2019autorise la cr\u00e8che \u00e0 prendre des photos et vid\u00e9os de mon enfant.\" \/><span class=\"wpcf7-list-item-label\">J\u2019autorise la cr\u00e8che \u00e0 prendre des photos et vid\u00e9os de mon enfant: Ik geef toestemming aan de cr\u00e8che om foto's en video's van mijn kind te maken.<\/span><\/label><\/span><span class=\"wpcf7-list-item last\"><label><input type=\"radio\" name=\"photo-consent\" value=\"Je n\u2019autorise pas la cr\u00e8che \u00e0 prendre des photos ou vid\u00e9os de mon enfant.\" checked=\"checked\" \/><span class=\"wpcf7-list-item-label\">Je n\u2019autorise pas la cr\u00e8che \u00e0 prendre des photos ou vid\u00e9os de mon enfant: Ik geef geen toestemming aan de cr\u00e8che om foto's of video's van mijn kind te maken.<\/span><\/label><\/span><\/span><\/span>\n<\/p>\n<p>Inschrijvingsvoorwaarden\n<\/p>\n<p><span class=\"wpcf7-form-control-wrap\" data-name=\"registration-conditions\"><span class=\"wpcf7-form-control wpcf7-checkbox wpcf7-validates-as-required\"><span class=\"wpcf7-list-item first\"><label><input type=\"checkbox\" name=\"registration-conditions[]\" value=\"Je certifie que les informations fournies sont exactes et compl\u00e8tes.\" \/><span class=\"wpcf7-list-item-label\">Ik verklaar dat de verstrekte informatie juist en volledig is.<\/span><\/label><\/span><span class=\"wpcf7-list-item last\"><label><input type=\"checkbox\" name=\"registration-conditions[]\" value=\"Je prends connaissance que l\u2019inscription ne sera valid\u00e9e qu\u2019apr\u00e8s r\u00e9ception des documents administratifs requis et du paiement de la premi\u00e8re cotisation.\" \/><span class=\"wpcf7-list-item-label\">Ik ben op de hoogte dat de inschrijving pas wordt bevestigd na ontvangst van de vereiste administratieve documenten en betaling van de eerste bijdrage.<\/span><\/label><\/span><\/span><\/span>\n<\/p>\n<p><input class=\"wpcf7-form-control wpcf7-submit has-spinner button\" id=\"form-submit\" type=\"submit\" value=\"Inschrijving\" \/>\n<\/p><div class=\"wpcf7-response-output\" aria-hidden=\"true\"><\/div>\n<input type=\"hidden\" name=\"trp-form-language\" value=\"nl\"\/><\/form>\n<\/div>\n<\/div>\n<\/div><\/div>\n<\/div>\n<\/div>\n<\/div>\n<\/div>\n<\/div>\n<div id=\"cmsmasters_row_\" class=\"cmsmasters_row cmsmasters_color_scheme_default cmsmasters_row_top_default cmsmasters_row_bot_default cmsmasters_row_boxed\">\n<div class=\"cmsmasters_row_outer_parent\">\n<div class=\"cmsmasters_row_outer\">\n<div class=\"cmsmasters_row_inner\">\n<div class=\"cmsmasters_row_margin\">\n<div id=\"cmsmasters_column_\" class=\"cmsmasters_column one_first\">\n<div class=\"cmsmasters_column_inner\"><div class=\"cmsmasters_text\">\n<p>&nbsp;<\/p>\n<\/div>\n<\/div><\/div>\n<\/div>\n<\/div>\n<\/div>\n<\/div>\n<\/div>\n<div id=\"cmsmasters_row_9y9vpxb38h\" class=\"cmsmasters_row cmsmasters_color_scheme_default z-index-1 cmsmasters_row_top_default cmsmasters_row_bot_default cmsmasters_row_boxed\">\n<div class=\"cmsmasters_row_outer_parent\">\n<div class=\"cmsmasters_row_outer\">\n<div class=\"cmsmasters_row_inner cmsmasters_row_no_margin\">\n<div class=\"cmsmasters_row_margin cmsmasters_row_columns_behavior\">\n<div id=\"cmsmasters_column_6zvwjodeqy\" class=\"cmsmasters_column one_half\">\n<div class=\"cmsmasters_column_inner\"><div id=\"cmsmasters_heading_5punj5wt7\" class=\"cmsmasters_heading_wrap cmsmasters_heading_align_center\">\n\t<h4 class=\"cmsmasters_heading\">Hoe Ons te Vinden<\/h4>\n<\/div><div class=\"cmsmasters_text\">\n<p style=\"text-align: center;\"><span style=\"color: #ffffff;\">Om uw kind in te schrijven, kunt u ons bellen op 0488340020 of ons ter plaatse bezoeken<\/span><\/p>\n<p style=\"text-align: center;\"><span style=\"color: #ffffff;\">Rue Rogier 216, 1030 Schaerbeek, Belgi\u00eb<\/span><\/p>\n<\/div>\n<div id=\"cmsmasters_button_om7p43eqq\" class=\"button_wrap\"><a href=\"https:\/\/maps.app.goo.gl\/2ftr3fN6AXtaGpAL7\" class=\"cmsmasters_button\" target=\"_blank\"><span>Routebeschrijving<\/span><\/a><\/div>\n<\/div><\/div>\n<div id=\"cmsmasters_column_ahjnegjles\" class=\"cmsmasters_column one_half\">\n<div class=\"cmsmasters_column_inner\"><div id=\"cmsmasters_heading_p1kg49eye\" class=\"cmsmasters_heading_wrap cmsmasters_heading_align_center\">\n\t<h4 class=\"cmsmasters_heading\">Openingstijden<\/h4>\n<\/div><div class=\"cmsmasters_text\">\n<p style=\"text-align: center; color: white;\"><span style=\"color: #ffffff;\">Maandag t\/m vrijdag, 7:30 - 18:00<\/span><\/p>\n<ul>\n<li><span style=\"color: #ffffff;\"><strong>FR :<\/strong>\u00a0Du lundi au vendredi, de 7h30 \u00e0 18h00\u00a0<em>Les tarifs sont disponibles sur demande. Nous privil\u00e9gions une approche personnalis\u00e9e.<\/em><\/span><\/li>\n<li><span style=\"color: #ffffff;\"><strong>NL :<\/strong>\u00a0Van maandag tot vrijdag, van 7u30 tot 18u00\u00a0<em>Prijzen zijn op aanvraag beschikbaar. We kiezen voor een persoonlijke aanpak.<\/em><\/span><\/li>\n<li><span style=\"color: #ffffff;\"><strong>EN :<\/strong>\u00a0Monday to Friday, from 7:30 AM to 6:00 PM\u00a0<em>Prices available upon request. We prefer a personalized approach.<\/em><\/span><\/li>\n<\/ul>\n<\/div>\n<\/div><\/div>\n<\/div>\n<\/div>\n<\/div>\n<\/div>\n<\/div>\n<div id=\"cmsmasters_row_fcb8abr69i\" class=\"cmsmasters_row cmsmasters_color_scheme_default cmsmasters_row_top_default cmsmasters_row_bot_default cmsmasters_row_boxed\">\n<div class=\"cmsmasters_row_outer_parent\">\n<div class=\"cmsmasters_row_outer\">\n<div class=\"cmsmasters_row_inner\">\n<div class=\"cmsmasters_row_margin\">\n<div id=\"cmsmasters_column_m5irccjjeo\" class=\"cmsmasters_column one_first\">\n<div class=\"cmsmasters_column_inner\">\n<div id=\"cmsmasters_divider_b2sm4ctiw\" class=\"cmsmasters_divider cmsmasters_divider_width_long cmsmasters_divider_pos_center\"><\/div>\n<\/div><\/div>\n<\/div>\n<\/div>\n<\/div>\n<\/div>\n<\/div>\n<div id=\"cmsmasters_row_fv9904dfns\" class=\"cmsmasters_row cmsmasters_color_scheme_default custom-center cmsmasters_row_top_default cmsmasters_row_bot_default cmsmasters_row_boxed\">\n<div class=\"cmsmasters_row_outer_parent\">\n<div class=\"cmsmasters_row_outer\">\n<div class=\"cmsmasters_row_inner cmsmasters_row_no_margin\">\n<div class=\"cmsmasters_row_margin\">\n<div id=\"cmsmasters_column_sw8yope1wh\" class=\"cmsmasters_column one_first\">\n<div class=\"cmsmasters_column_inner\"><div class=\"custom_html\">\n<div style=\"margin:0 auto 0 auto;\" class=\"aligncenter\"><iframe class=\"\"  src=\"https:\/\/www.google.com\/maps\/embed?pb=!1m18!1m12!1m3!1d589.9843181661513!2d4.370475769042945!3d50.86108188472779!2m3!1f0!2f0!3f0!3m2!1i1024!2i768!4f13.1!3m3!1m2!1s0x47c3c371a5c867e9%3A0xafd29531b443dd8b!2scr%C3%A8che%20Bambi%20Asbl!5e0!3m2!1sfr!2sma!4v1731838960444!5m2!1sfr!2sma\" width=\"1200\" height=\"550\" style=\"border:0;\" allowfullscreen=\"true\" loading=\"lazy\" referrerpolicy=\"no-referrer-when-downgrade\"><\/iframe><\/div>\n<\/div>\n<\/div><\/div>\n<\/div>\n<\/div>\n<\/div>\n<\/div>\n<\/div>\n<div id=\"cmsmasters_row_ynsza0qnzg\" class=\"cmsmasters_row cmsmasters_color_scheme_default cmsmasters_row_top_default cmsmasters_row_bot_default cmsmasters_row_boxed\">\n<div class=\"cmsmasters_row_outer_parent\">\n<div class=\"cmsmasters_row_outer\">\n<div class=\"cmsmasters_row_inner\">\n<div class=\"cmsmasters_row_margin\">\n<div id=\"cmsmasters_column_okxhfbdb5\" class=\"cmsmasters_column one_first\">\n<div class=\"cmsmasters_column_inner\"><div class=\"custom_html\">\n<audio autoplay loop><source src=\"https:\/\/bambiland.be\/wp-content\/uploads\/2024\/12\/You_Make_Me_Smile_-_Happy_Instrumental_Background_Music_for_Video__YTBMP3.org_.mp3\" type=\"audio\/mpeg\">Your browser does not support the audio element.<\/audio>\n<\/div>\n<\/div><\/div>\n<\/div>\n<\/div>\n<\/div>\n<\/div>\n<\/div>","protected":false},"excerpt":{"rendered":"","protected":false},"author":1,"featured_media":0,"parent":0,"menu_order":0,"comment_status":"open","ping_status":"closed","template":"","meta":{"inline_featured_image":false,"footnotes":""},"class_list":["post-11850","page","type-page","status-publish","hentry"],"_links":{"self":[{"href":"https:\/\/bambiland.be\/nl\/wp-json\/wp\/v2\/pages\/11850","targetHints":{"allow":["GET"]}}],"collection":[{"href":"https:\/\/bambiland.be\/nl\/wp-json\/wp\/v2\/pages"}],"about":[{"href":"https:\/\/bambiland.be\/nl\/wp-json\/wp\/v2\/types\/page"}],"author":[{"embeddable":true,"href":"https:\/\/bambiland.be\/nl\/wp-json\/wp\/v2\/users\/1"}],"replies":[{"embeddable":true,"href":"https:\/\/bambiland.be\/nl\/wp-json\/wp\/v2\/comments?post=11850"}],"version-history":[{"count":47,"href":"https:\/\/bambiland.be\/nl\/wp-json\/wp\/v2\/pages\/11850\/revisions"}],"predecessor-version":[{"id":15593,"href":"https:\/\/bambiland.be\/nl\/wp-json\/wp\/v2\/pages\/11850\/revisions\/15593"}],"wp:attachment":[{"href":"https:\/\/bambiland.be\/nl\/wp-json\/wp\/v2\/media?parent=11850"}],"curies":[{"name":"wp","href":"https:\/\/api.w.org\/{rel}","templated":true}]}}