{"id":13659,"date":"2018-02-21T15:24:46","date_gmt":"2018-02-21T15:24:46","guid":{"rendered":"http:\/\/our-kids.cmsmasters.net\/?page_id=13659"},"modified":"2024-12-23T13:13:53","modified_gmt":"2024-12-23T13:13:53","slug":"preschoolers","status":"publish","type":"page","link":"https:\/\/bambiland.be\/nl\/preschoolers\/","title":{"rendered":"Grote sectie"},"content":{"rendered":"<div id=\"cmsmasters_row_q574a4gup\" class=\"cmsmasters_row cmsmasters_color_scheme_default cmsmasters_row_top_default cmsmasters_row_bot_default cmsmasters_row_fullwidth\">\n<div class=\"cmsmasters_row_outer_parent\">\n<div class=\"cmsmasters_row_outer\">\n<div class=\"cmsmasters_row_inner cmsmasters_row_fullwidth cmsmasters_row_no_margin\">\n<div class=\"cmsmasters_row_margin cmsmasters_row_columns_behavior\">\n<div id=\"cmsmasters_column_zxkjjp5zlk\" class=\"cmsmasters_column one_half image-smooth\">\n<div class=\"cmsmasters_column_inner\"><\/div><\/div>\n<div id=\"cmsmasters_column_9h0i3w5qcj\" class=\"cmsmasters_column one_half\">\n<div class=\"cmsmasters_column_inner\"><div id=\"cmsmasters_heading_b5ayal6ba\" class=\"cmsmasters_heading_wrap cmsmasters_heading_align_center\">\n\t<h2 class=\"cmsmasters_heading\">La Section des Grands chez Bambi\ud83d\udc31<\/h2>\n<\/div><div id=\"cmsmasters_heading_k4uxyl8bui\" class=\"cmsmasters_heading_wrap cmsmasters_heading_align_center\">\n\t<h6 class=\"cmsmasters_heading\">van 24 maanden tot 36 maanden<\/h6>\n<\/div><div class=\"cmsmasters_text\">\n<p style=\"text-align: center;\">La section des grands de Bambi accueille les enfants de 24 \u00e0 36 mois, une p\u00e9riode o\u00f9 l\u2019enfant devient de plus en plus autonome, social et curieux de d\u00e9couvrir le monde qui l\u2019entoure. C\u2019est une \u00e9tape cl\u00e9 dans leur d\u00e9veloppement physique, social et cognitif. Nous mettons en place des objectifs pr\u00e9cis pour soutenir leur \u00e9panouissement\u00a0 et leur apprentissage \ud83d\udcda\ud83c\udf31.<\/p>\n<\/div>\n<\/div><\/div>\n<\/div>\n<\/div>\n<\/div>\n<\/div>\n<\/div>\n<div id=\"cmsmasters_row_7t3qlz35o6\" class=\"cmsmasters_row cmsmasters_color_scheme_default cmsmasters_row_top_default cmsmasters_row_bot_default cmsmasters_row_fullwidth\">\n<div class=\"cmsmasters_row_outer_parent\">\n<div class=\"cmsmasters_row_outer\">\n<div class=\"cmsmasters_row_inner cmsmasters_row_fullwidth cmsmasters_row_no_margin\">\n<div class=\"cmsmasters_row_margin cmsmasters_row_columns_behavior\">\n<div id=\"cmsmasters_column_f1y29pfmwu\" class=\"cmsmasters_column one_half\">\n<div class=\"cmsmasters_column_inner\"><div id=\"cmsmasters_heading_m7dgydw4e\" class=\"cmsmasters_heading_wrap cmsmasters_heading_align_left\">\n\t<h4 class=\"cmsmasters_heading\">Doelen en Activiteiten<\/h4>\n<\/div><div class=\"cmsmasters_toggles toggles_mode_accordion\">\n<div class=\"cmsmasters_toggle_wrap current_toggle\" data-tags=\"all \">\n<div class=\"cmsmasters_toggle_title\">\n<span class=\"cmsmasters_toggle_plus\">\n<span class=\"cmsmasters_toggle_plus_hor\"><\/span>\n<span class=\"cmsmasters_toggle_plus_vert\"><\/span>\n<\/span>\n<a href=\"#\">Autonomie<\/a>\n<\/div>\n<div class=\"cmsmasters_toggle\">\n<div class=\"cmsmasters_toggle_inner\">\n<p>Op deze leeftijd willen kinderen steeds meer zelfstandig handelen. We bieden activiteiten aan die deze autonomie bevorderen, zoals zelf helpen bij het eten, zich zelf aankleden, hun spullen opruimen of zelfs helpen de tafel dekken. Elke kleine taak die ze voltooien, is een stap naar meer onafhankelijkheid, en we moedigen ze aan om keuzes te maken in een veilige omgeving.<\/p>\n<\/div>\n<\/div>\n<\/div><div class=\"cmsmasters_toggle_wrap\" data-tags=\"all \">\n<div class=\"cmsmasters_toggle_title\">\n<span class=\"cmsmasters_toggle_plus\">\n<span class=\"cmsmasters_toggle_plus_hor\"><\/span>\n<span class=\"cmsmasters_toggle_plus_vert\"><\/span>\n<\/span>\n<a href=\"#\">Hygi\u00ebne<\/a>\n<\/div>\n<div class=\"cmsmasters_toggle\">\n<div class=\"cmsmasters_toggle_inner\">\n<p>Zelfzorg leren is essentieel op deze leeftijd. We brengen hygi\u00ebnegewoonten op een leuke en geruststellende manier aan: handen wassen voor en na het eten, gebruik maken van het potje of toilet, hun neus snuiten, en goed voor hun lichaam zorgen. We\nmaken gebruik van liedjes en rituelen om deze momenten aangenaam en natuurlijk te maken.<\/p>\n<\/div>\n<\/div>\n<\/div><div class=\"cmsmasters_toggle_wrap\" data-tags=\"all \">\n<div class=\"cmsmasters_toggle_title\">\n<span class=\"cmsmasters_toggle_plus\">\n<span class=\"cmsmasters_toggle_plus_hor\"><\/span>\n<span class=\"cmsmasters_toggle_plus_vert\"><\/span>\n<\/span>\n<a href=\"#\">Ontwikkeling van fijne motoriek<\/a>\n<\/div>\n<div class=\"cmsmasters_toggle\">\n<div class=\"cmsmasters_toggle_inner\">\n<p>De ontwikkeling van de fijne motoriek is van groot belang voor kinderen in deze leeftijdsgroep. We bieden activiteiten zoals kleuren, het manipuleren van kleine speelstukken, knippen, bouwen en vormen sorteren. Deze spelletjes helpen de precisie van de bewegingen te verbeteren en de oog-handco\u00f6rdinatie te versterken.<\/p>\n<\/div>\n<\/div>\n<\/div><div class=\"cmsmasters_toggle_wrap\" data-tags=\"all \">\n<div class=\"cmsmasters_toggle_title\">\n<span class=\"cmsmasters_toggle_plus\">\n<span class=\"cmsmasters_toggle_plus_hor\"><\/span>\n<span class=\"cmsmasters_toggle_plus_vert\"><\/span>\n<\/span>\n<a href=\"#\">Sociale vaardigheden<\/a>\n<\/div>\n<div class=\"cmsmasters_toggle\">\n<div class=\"cmsmasters_toggle_inner\">\n<p>Tussen de 24 en 36 maanden beginnen kinderen actief deel te nemen aan sociale interacties. We moedigen groepsspel aan, evenals delen en samenwerken met andere kinderen. Groepsactiviteiten, zoals rollenspellen, groepsliedjes of kunstactiviteiten, stellen kinderen in staat om essenti\u00eble sociale vaardigheden te ontwikkelen, zoals luisteren, om de beurt wachten en omgaan met emoties.<\/p>\n<\/div>\n<\/div>\n<\/div><div class=\"cmsmasters_toggle_wrap\" data-tags=\"all \">\n<div class=\"cmsmasters_toggle_title\">\n<span class=\"cmsmasters_toggle_plus\">\n<span class=\"cmsmasters_toggle_plus_hor\"><\/span>\n<span class=\"cmsmasters_toggle_plus_vert\"><\/span>\n<\/span>\n<a href=\"#\">Taalstimulatie<\/a>\n<\/div>\n<div class=\"cmsmasters_toggle\">\n<div class=\"cmsmasters_toggle_inner\">\n<p>Taalontwikkeling is een prioriteit op deze leeftijd. We bevorderen constante verbale interactie door middel van woordspelletjes, verhalen, liedjes, en dagelijkse gesprekken. We bieden ook activiteiten aan die de mondelinge expressie stimuleren, zoals imitatiespellen, rollenspellen of vraag- en antwoordspelletjes om de spreekvaardigheid te bevorderen en de woordenschat te verrijken.<\/p>\n<\/div>\n<\/div>\n<\/div><div class=\"cmsmasters_toggle_wrap\" data-tags=\"all \">\n<div class=\"cmsmasters_toggle_title\">\n<span class=\"cmsmasters_toggle_plus\">\n<span class=\"cmsmasters_toggle_plus_hor\"><\/span>\n<span class=\"cmsmasters_toggle_plus_vert\"><\/span>\n<\/span>\n<a href=\"#\">Sensorische ontwikkeling<\/a>\n<\/div>\n<div class=\"cmsmasters_toggle\">\n<div class=\"cmsmasters_toggle_inner\">\n<p>Sensorische stimulatie blijft belangrijk op deze leeftijd, omdat het helpt bij het ontdekken van de wereld. We bieden diverse sensorische spelletjes aan, zoals schilderen, klei, spelletjes met texturen, buitenactiviteiten (zoals het aanraken van natuurlijke elementen) en geluidsspelletjes om de vijf zintuigen van het kind te stimuleren. Dit helpt hen om hun waarneming en gevoeligheid voor hun omgeving te ontwikkelen.<\/p>\n<\/div>\n<\/div>\n<\/div><\/div>\n<\/div><\/div>\n<div id=\"cmsmasters_column_7elbqpnws\" class=\"cmsmasters_column one_half image-smooth\">\n<div class=\"cmsmasters_column_inner\"><\/div><\/div>\n<\/div>\n<\/div>\n<\/div>\n<\/div>\n<\/div>\n<div id=\"cmsmasters_row_tthr5oh9jn\" class=\"cmsmasters_row cmsmasters_color_scheme_default cmsmasters_row_top_default cmsmasters_row_bot_default cmsmasters_row_fullwidth\">\n<div class=\"cmsmasters_row_outer_parent\">\n<div class=\"cmsmasters_row_outer\">\n<div class=\"cmsmasters_row_inner cmsmasters_row_fullwidth cmsmasters_row_no_margin\">\n<div class=\"cmsmasters_row_margin cmsmasters_row_columns_behavior\">\n<div id=\"cmsmasters_column_l2ftim6k19\" class=\"cmsmasters_column one_half image-smooth\">\n<div class=\"cmsmasters_column_inner\"><\/div><\/div>\n<div id=\"cmsmasters_column_dqxg66ioci\" class=\"cmsmasters_column one_half\">\n<div class=\"cmsmasters_column_inner\"><div id=\"cmsmasters_heading_q6dvsdbep3\" class=\"cmsmasters_heading_wrap cmsmasters_heading_align_center\">\n\t<h2 class=\"cmsmasters_heading\">Un environnement d\u2019apprentissage adapt\u00e9\ud83c\udf31<\/h2>\n<\/div><div class=\"cmsmasters_text\">\n<p style=\"text-align: center;\">Tous ces objectifs sont int\u00e9gr\u00e9s dans un cadre structur\u00e9, mais aussi ludique et bienveillant \u2764\ufe0f. L\u2019\u00e9quipe \u00e9ducative de Bambi accompagne les enfants dans chaque \u00e9tape de leur d\u00e9veloppement, en leur offrant un environnement s\u00e9curisant et enrichissant \ud83c\udf31. Gr\u00e2ce \u00e0 une approche individualis\u00e9e et des activit\u00e9s diversifi\u00e9es \ud83e\udde9, chaque enfant peut grandir \u00e0 son propre rythme \ud83d\udd52, tout en \u00e9tant stimul\u00e9 par de nouvelles d\u00e9couvertes et interactions.<\/p>\n<\/div>\n<\/div><\/div>\n<\/div>\n<\/div>\n<\/div>\n<\/div>\n<\/div>\n<div id=\"cmsmasters_row_c55hcw48mj\" class=\"cmsmasters_row cmsmasters_color_scheme_default cmsmasters_row_top_default cmsmasters_row_bot_default cmsmasters_row_boxed\">\n<div class=\"cmsmasters_row_outer_parent\">\n<div class=\"cmsmasters_row_outer\">\n<div class=\"cmsmasters_row_inner\">\n<div class=\"cmsmasters_row_margin\">\n<div id=\"cmsmasters_column_jyzs0nysl\" class=\"cmsmasters_column one_first\">\n<div class=\"cmsmasters_column_inner\"><div class=\"custom_html\">\n<audio autoplay loop><source src=\"https:\/\/bambiland.be\/wp-content\/uploads\/2024\/12\/You_Make_Me_Smile_-_Happy_Instrumental_Background_Music_for_Video__YTBMP3.org_.mp3\" type=\"audio\/mpeg\">Your browser does not support the audio element.<\/audio>\n<\/div>\n<\/div><\/div>\n<\/div>\n<\/div>\n<\/div>\n<\/div>\n<\/div>","protected":false},"excerpt":{"rendered":"","protected":false},"author":1,"featured_media":0,"parent":0,"menu_order":0,"comment_status":"closed","ping_status":"closed","template":"","meta":{"inline_featured_image":false,"footnotes":""},"class_list":["post-13659","page","type-page","status-publish","hentry"],"_links":{"self":[{"href":"https:\/\/bambiland.be\/nl\/wp-json\/wp\/v2\/pages\/13659","targetHints":{"allow":["GET"]}}],"collection":[{"href":"https:\/\/bambiland.be\/nl\/wp-json\/wp\/v2\/pages"}],"about":[{"href":"https:\/\/bambiland.be\/nl\/wp-json\/wp\/v2\/types\/page"}],"author":[{"embeddable":true,"href":"https:\/\/bambiland.be\/nl\/wp-json\/wp\/v2\/users\/1"}],"replies":[{"embeddable":true,"href":"https:\/\/bambiland.be\/nl\/wp-json\/wp\/v2\/comments?post=13659"}],"version-history":[{"count":17,"href":"https:\/\/bambiland.be\/nl\/wp-json\/wp\/v2\/pages\/13659\/revisions"}],"predecessor-version":[{"id":15426,"href":"https:\/\/bambiland.be\/nl\/wp-json\/wp\/v2\/pages\/13659\/revisions\/15426"}],"wp:attachment":[{"href":"https:\/\/bambiland.be\/nl\/wp-json\/wp\/v2\/media?parent=13659"}],"curies":[{"name":"wp","href":"https:\/\/api.w.org\/{rel}","templated":true}]}}