{"id":13667,"date":"2018-02-21T15:34:24","date_gmt":"2018-02-21T15:34:24","guid":{"rendered":"http:\/\/our-kids.cmsmasters.net\/?page_id=13667"},"modified":"2024-12-23T13:13:18","modified_gmt":"2024-12-23T13:13:18","slug":"toddlers","status":"publish","type":"page","link":"https:\/\/bambiland.be\/nl\/toddlers\/","title":{"rendered":"Middensectie"},"content":{"rendered":"<div id=\"cmsmasters_row_6l72fe9t36\" class=\"cmsmasters_row cmsmasters_color_scheme_default cmsmasters_row_top_default cmsmasters_row_bot_default cmsmasters_row_fullwidth\">\n<div class=\"cmsmasters_row_outer_parent\">\n<div class=\"cmsmasters_row_outer\">\n<div class=\"cmsmasters_row_inner cmsmasters_row_fullwidth cmsmasters_row_no_margin\">\n<div class=\"cmsmasters_row_margin cmsmasters_row_columns_behavior\">\n<div id=\"cmsmasters_column_zxkjjp5zlk\" class=\"cmsmasters_column one_half\">\n<div class=\"cmsmasters_column_inner\"><\/div><\/div>\n<div id=\"cmsmasters_column_9h0i3w5qcj\" class=\"cmsmasters_column one_half\">\n<div class=\"cmsmasters_column_inner\"><div id=\"cmsmasters_heading_a5f71u32w\" class=\"cmsmasters_heading_wrap cmsmasters_heading_align_center\">\n\t<h2 class=\"cmsmasters_heading\">La Section des Moyens chez Bambi\ud83e\udd8a<\/h2>\n<\/div><div id=\"cmsmasters_heading_9gllp5ytfy\" class=\"cmsmasters_heading_wrap cmsmasters_heading_align_center\">\n\t<h6 class=\"cmsmasters_heading\">van 12 maanden tot 24 maanden<\/h6>\n<\/div><div class=\"cmsmasters_text\">\n<p>La section moyenne de Bambi \ud83d\udc3e accueille les enfants de 12 \u00e0 24 mois, une p\u00e9riode cl\u00e9 dans leur d\u00e9veloppement, o\u00f9 ils commencent \u00e0 acqu\u00e9rir de plus en plus d\u2019autonomie \ud83c\udfc3\u200d\u2640\ufe0f et \u00e0 d\u00e9couvrir le monde qui les entoure. Cette \u00e9tape est marqu\u00e9e par une grande curiosit\u00e9 et des progr\u00e8s consid\u00e9rables, tant sur le plan physique que social.<\/p>\n<p>Chez Bambi, nous mettons tout en \u0153uvre pour offrir un environnement chaleureux et stimulant \ud83e\uddf8\ud83c\udf1e, afin d\u2019accompagner chaque enfant dans cette \u00e9tape cruciale de son d\u00e9veloppement \ud83d\ude80. Gr\u00e2ce \u00e0 notre \u00e9quipe bienveillante et professionnelle, chaque enfant peut s\u2019\u00e9panouir \u00e0 son rythme et d\u00e9velopper des comp\u00e9tences qui lui serviront tout au long de sa vie \ud83c\udf31\u2764\ufe0f.<\/p>\n<\/div>\n<\/div><\/div>\n<\/div>\n<\/div>\n<\/div>\n<\/div>\n<\/div>\n<div id=\"cmsmasters_row_ydwafr6afd\" class=\"cmsmasters_row cmsmasters_color_scheme_default cmsmasters_row_top_default cmsmasters_row_bot_default cmsmasters_row_fullwidth\">\n<div class=\"cmsmasters_row_outer_parent\">\n<div class=\"cmsmasters_row_outer\">\n<div class=\"cmsmasters_row_inner cmsmasters_row_fullwidth cmsmasters_row_no_margin\">\n<div class=\"cmsmasters_row_margin cmsmasters_row_columns_behavior\">\n<div id=\"cmsmasters_column_f1y29pfmwu\" class=\"cmsmasters_column one_half\">\n<div class=\"cmsmasters_column_inner\"><div id=\"cmsmasters_heading_9wq5uswxf9\" class=\"cmsmasters_heading_wrap cmsmasters_heading_align_left\">\n\t<h4 class=\"cmsmasters_heading\">La Section Moyenne chez Bambi\ud83c\udf1f: Accompagner les Petits dans Leur D\u00e9couverte du Monde<\/h4>\n<\/div><div class=\"cmsmasters_toggles toggles_mode_accordion\">\n<div class=\"cmsmasters_toggle_wrap current_toggle\" data-tags=\"all \">\n<div class=\"cmsmasters_toggle_title\">\n<span class=\"cmsmasters_toggle_plus\">\n<span class=\"cmsmasters_toggle_plus_hor\"><\/span>\n<span class=\"cmsmasters_toggle_plus_vert\"><\/span>\n<\/span>\n<a href=\"#\">Een veilige en stimulerende omgeving<\/a>\n<\/div>\n<div class=\"cmsmasters_toggle\">\n<div class=\"cmsmasters_toggle_inner\">\n<p style=\"text-align: center;\">L\u2019espace est am\u00e9nag\u00e9 pour favoriser l\u2019exploration en toute s\u00e9curit\u00e9. Les enfants peuvent \u00e9voluer dans un cadre s\u00e9curis\u00e9, adapt\u00e9 \u00e0 leur \u00e2ge, qui stimule leur curiosit\u00e9 et les encourage \u00e0 tester de nouvelles choses. Des jouets adapt\u00e9s \u00e0 leur d\u00e9veloppement, des espaces de jeux vari\u00e9s \ud83d\udedd et des activit\u00e9s cr\u00e9atives \ud83c\udfa8 sont propos\u00e9s pour soutenir leur motricit\u00e9 fine et globale \ud83e\udd38.<\/p>\n<\/div>\n<\/div>\n<\/div><div class=\"cmsmasters_toggle_wrap\" data-tags=\"all \">\n<div class=\"cmsmasters_toggle_title\">\n<span class=\"cmsmasters_toggle_plus\">\n<span class=\"cmsmasters_toggle_plus_hor\"><\/span>\n<span class=\"cmsmasters_toggle_plus_vert\"><\/span>\n<\/span>\n<a href=\"#\">Ontwikkeling van zelfstandigheid<\/a>\n<\/div>\n<div class=\"cmsmasters_toggle\">\n<div class=\"cmsmasters_toggle_inner\">\n<p style=\"text-align: center;\">\u00c0 cet \u00e2ge, les enfants commencent \u00e0 faire leurs premiers pas vers l\u2019autonomie \ud83c\udf1f. Nous proposons des activit\u00e9s qui leur permettent de faire des choix simples (choisir un jouet, participer aux repas \ud83c\udf7d\ufe0f), et nous les encourageons \u00e0 accomplir des gestes quotidiens adapt\u00e9s \u00e0 leur \u00e2ge, comme s\u2019habiller, se laver les mains ou ranger leurs jouets. Le tout, dans un cadre bienveillant et rassurant, pour les aider \u00e0 gagner en confiance \ud83e\uddf8\ud83c\udf4e.<\/p>\n<\/div>\n<\/div>\n<\/div><div class=\"cmsmasters_toggle_wrap\" data-tags=\"all \">\n<div class=\"cmsmasters_toggle_title\">\n<span class=\"cmsmasters_toggle_plus\">\n<span class=\"cmsmasters_toggle_plus_hor\"><\/span>\n<span class=\"cmsmasters_toggle_plus_vert\"><\/span>\n<\/span>\n<a href=\"#\">Sensorische en cognitieve stimulatie<\/a>\n<\/div>\n<div class=\"cmsmasters_toggle\">\n<div class=\"cmsmasters_toggle_inner\">\n<p style=\"text-align: center;\">Les enfants sont invit\u00e9s \u00e0 explorer diff\u00e9rents mat\u00e9riaux et textures \ud83e\udde9, \u00e0 \u00e9couter des histoires et des chansons, et \u00e0 participer \u00e0 des jeux d\u2019encastrement ou de manipulation pour stimuler leur d\u00e9veloppement cognitif\u00a0 et sensoriel\ud83e\udde0. Ces activit\u00e9s favorisent l\u2019\u00e9veil des cinq sens et encouragent la d\u00e9couverte \u00e0 travers l\u2019exp\u00e9rience et l\u2019exp\u00e9rimentation \ud83c\udf0d.<\/p>\n<\/div>\n<\/div>\n<\/div><div class=\"cmsmasters_toggle_wrap\" data-tags=\"all \">\n<div class=\"cmsmasters_toggle_title\">\n<span class=\"cmsmasters_toggle_plus\">\n<span class=\"cmsmasters_toggle_plus_hor\"><\/span>\n<span class=\"cmsmasters_toggle_plus_vert\"><\/span>\n<\/span>\n<a href=\"#\">Leren van sociale regels en delen<\/a>\n<\/div>\n<div class=\"cmsmasters_toggle\">\n<div class=\"cmsmasters_toggle_inner\">\n<p style=\"text-align: center;\">C\u2019est aussi l\u2019\u00e2ge o\u00f9 les enfants commencent \u00e0 interagir davantage avec leurs pairs. Nous mettons en place des activit\u00e9s collectives qui favorisent l\u2019apprentissage du respect des autres, du partage, et de la communication. Les enfants apprennent ainsi \u00e0 exprimer leurs besoins, \u00e0 \u00e9couter et \u00e0 attendre leur tour dans un cadre social \ud83e\uddf8\ud83c\udf4e.<\/p>\n<\/div>\n<\/div>\n<\/div><div class=\"cmsmasters_toggle_wrap\" data-tags=\"all \">\n<div class=\"cmsmasters_toggle_title\">\n<span class=\"cmsmasters_toggle_plus\">\n<span class=\"cmsmasters_toggle_plus_hor\"><\/span>\n<span class=\"cmsmasters_toggle_plus_vert\"><\/span>\n<\/span>\n<a href=\"#\">Begeleiding naar taalverwerving<\/a>\n<\/div>\n<div class=\"cmsmasters_toggle\">\n<div class=\"cmsmasters_toggle_inner\">\n<p style=\"text-align: center;\">La p\u00e9riode des 12-24 mois est \u00e9galement celle o\u00f9 les enfants commencent \u00e0 d\u00e9velopper leur langage. Nous encourageons les \u00e9changes verbaux\u00a0 en lisant des histoires, en chantant des comptines et en dialoguant avec les enfants. Chaque interaction est une occasion d\u2019enrichir leur vocabulaire \ud83d\udcd6 et de renforcer leur capacit\u00e9 \u00e0 s\u2019exprimer\ud83d\udcac.<\/p>\n<\/div>\n<\/div>\n<\/div><\/div>\n<\/div><\/div>\n<div id=\"cmsmasters_column_7elbqpnws\" class=\"cmsmasters_column one_half\">\n<div class=\"cmsmasters_column_inner\"><\/div><\/div>\n<\/div>\n<\/div>\n<\/div>\n<\/div>\n<\/div>\n<div id=\"cmsmasters_row_lhro8u3azi\" class=\"cmsmasters_row cmsmasters_color_scheme_default cmsmasters_row_top_default cmsmasters_row_bot_default cmsmasters_row_boxed\">\n<div class=\"cmsmasters_row_outer_parent\">\n<div class=\"cmsmasters_row_outer\">\n<div class=\"cmsmasters_row_inner\">\n<div class=\"cmsmasters_row_margin\">\n<div id=\"cmsmasters_column_5cwx3pi5m\" class=\"cmsmasters_column one_first\">\n<div class=\"cmsmasters_column_inner\"><div class=\"custom_html\">\n<audio autoplay loop><source src=\"https:\/\/bambiland.be\/wp-content\/uploads\/2024\/12\/You_Make_Me_Smile_-_Happy_Instrumental_Background_Music_for_Video__YTBMP3.org_.mp3\" type=\"audio\/mpeg\">Your browser does not support the audio element.<\/audio>\n<\/div>\n<\/div><\/div>\n<\/div>\n<\/div>\n<\/div>\n<\/div>\n<\/div>","protected":false},"excerpt":{"rendered":"","protected":false},"author":1,"featured_media":0,"parent":0,"menu_order":0,"comment_status":"closed","ping_status":"closed","template":"","meta":{"inline_featured_image":false,"footnotes":""},"class_list":["post-13667","page","type-page","status-publish","hentry"],"_links":{"self":[{"href":"https:\/\/bambiland.be\/nl\/wp-json\/wp\/v2\/pages\/13667","targetHints":{"allow":["GET"]}}],"collection":[{"href":"https:\/\/bambiland.be\/nl\/wp-json\/wp\/v2\/pages"}],"about":[{"href":"https:\/\/bambiland.be\/nl\/wp-json\/wp\/v2\/types\/page"}],"author":[{"embeddable":true,"href":"https:\/\/bambiland.be\/nl\/wp-json\/wp\/v2\/users\/1"}],"replies":[{"embeddable":true,"href":"https:\/\/bambiland.be\/nl\/wp-json\/wp\/v2\/comments?post=13667"}],"version-history":[{"count":15,"href":"https:\/\/bambiland.be\/nl\/wp-json\/wp\/v2\/pages\/13667\/revisions"}],"predecessor-version":[{"id":15425,"href":"https:\/\/bambiland.be\/nl\/wp-json\/wp\/v2\/pages\/13667\/revisions\/15425"}],"wp:attachment":[{"href":"https:\/\/bambiland.be\/nl\/wp-json\/wp\/v2\/media?parent=13667"}],"curies":[{"name":"wp","href":"https:\/\/api.w.org\/{rel}","templated":true}]}}