{"id":13674,"date":"2018-02-21T15:47:38","date_gmt":"2018-02-21T15:47:38","guid":{"rendered":"http:\/\/our-kids.cmsmasters.net\/?page_id=13674"},"modified":"2024-12-23T13:12:47","modified_gmt":"2024-12-23T13:12:47","slug":"young-toddlers","status":"publish","type":"page","link":"https:\/\/bambiland.be\/nl\/young-toddlers\/","title":{"rendered":"Kleine afdeling"},"content":{"rendered":"<div id=\"cmsmasters_row_sng8oxifpg\" class=\"cmsmasters_row cmsmasters_color_scheme_default cmsmasters_row_top_default cmsmasters_row_bot_default cmsmasters_row_fullwidth\">\n<div class=\"cmsmasters_row_outer_parent\">\n<div class=\"cmsmasters_row_outer\">\n<div class=\"cmsmasters_row_inner cmsmasters_row_fullwidth cmsmasters_row_no_margin\">\n<div class=\"cmsmasters_row_margin cmsmasters_row_columns_behavior\">\n<div id=\"cmsmasters_column_zxkjjp5zlk\" class=\"cmsmasters_column one_half\">\n<div class=\"cmsmasters_column_inner\"><\/div><\/div>\n<div id=\"cmsmasters_column_9h0i3w5qcj\" class=\"cmsmasters_column one_half\">\n<div class=\"cmsmasters_column_inner\"><div id=\"cmsmasters_heading_wwzx5btjve\" class=\"cmsmasters_heading_wrap cmsmasters_heading_align_center\">\n\t<h2 class=\"cmsmasters_heading\">La Section des Petits chez Bambi \ud83d\udc76<\/h2>\n<\/div><div id=\"cmsmasters_heading_4nf5cqa5fd\" class=\"cmsmasters_heading_wrap cmsmasters_heading_align_center\">\n\t<h6 class=\"cmsmasters_heading\">(van 3 maanden tot 12 maanden)<\/h6>\n<\/div><div class=\"cmsmasters_text\">\n<p style=\"text-align: center;\">De zuigelingenruimte bij Bambi is speciaal ontworpen voor de allerkleinsten van 3 maanden tot 12 maanden, en biedt een veilige en aangepaste omgeving die hun ontwikkeling vanaf de eerste maanden van het leven bevordert. Deze ruimte is een echt cocon waar baby\u2019s kunnen groeien, zich ontwikkelen en zich veilig kunnen voelen.<\/p>\n<\/div>\n<\/div><\/div>\n<\/div>\n<\/div>\n<\/div>\n<\/div>\n<\/div>\n<div id=\"cmsmasters_row_irddvfljgp\" class=\"cmsmasters_row cmsmasters_color_scheme_default cmsmasters_row_top_default cmsmasters_row_bot_default cmsmasters_row_fullwidth\">\n<div class=\"cmsmasters_row_outer_parent\">\n<div class=\"cmsmasters_row_outer\">\n<div class=\"cmsmasters_row_inner cmsmasters_row_fullwidth cmsmasters_row_no_margin\">\n<div class=\"cmsmasters_row_margin cmsmasters_row_columns_behavior\">\n<div id=\"cmsmasters_column_f1y29pfmwu\" class=\"cmsmasters_column one_half\">\n<div class=\"cmsmasters_column_inner\"><div id=\"cmsmasters_heading_zoyqkm3k2\" class=\"cmsmasters_heading_wrap cmsmasters_heading_align_left\">\n\t<h4 class=\"cmsmasters_heading\">La Nurserie chez Bambi\ud83c\udf7c\ud83e\uddf8 : Un Espace D\u00e9di\u00e9 au Bien-\u00eatre des Nourrissons<\/h4>\n<\/div><div class=\"cmsmasters_toggles toggles_mode_accordion\">\n<div class=\"cmsmasters_toggle_wrap current_toggle\" data-tags=\"all \">\n<div class=\"cmsmasters_toggle_title\">\n<span class=\"cmsmasters_toggle_plus\">\n<span class=\"cmsmasters_toggle_plus_hor\"><\/span>\n<span class=\"cmsmasters_toggle_plus_vert\"><\/span>\n<\/span>\n<a href=\"#\">Een Aangepaste Omgeving voor Baby\u2019s<\/a>\n<\/div>\n<div class=\"cmsmasters_toggle\">\n<div class=\"cmsmasters_toggle_inner\">\n<p>De zuigelingenruimte bij Bambi is een rustige, gezellige en lichte ruimte. Elke baby heeft zijn eigen bed in een knusse, veilige en goed geventileerde ruimte. Rustige muziek speelt op de achtergrond om de kleintjes te kalmeren en hun zintuigen te stimuleren. De omgeving is ontworpen om hun gevoeligheid te prikkelen en tegelijkertijd hun comfort te waarborgen. De zuigelingenruimte kan tot 10 kinderen ontvangen, van 3 maanden tot hun eerste stapjes.<\/p>\n<\/div>\n<\/div>\n<\/div><div class=\"cmsmasters_toggle_wrap\" data-tags=\"all \">\n<div class=\"cmsmasters_toggle_title\">\n<span class=\"cmsmasters_toggle_plus\">\n<span class=\"cmsmasters_toggle_plus_hor\"><\/span>\n<span class=\"cmsmasters_toggle_plus_vert\"><\/span>\n<\/span>\n<a href=\"#\">Een Gespecialiseerd Team<\/a>\n<\/div>\n<div class=\"cmsmasters_toggle\">\n<div class=\"cmsmasters_toggle_inner\">\n<p>Een hoofdverpleegkundige van de zuigelingenruimte, samen met een team van opgeleide verzorgers, zorgt dagelijks voor de baby\u2019s. Dankzij hun expertise en zorgzaamheid biedt het team elke baby persoonlijke aandacht en zorgt het voor hun comfort en welzijn.<\/p>\n<\/div>\n<\/div>\n<\/div><div class=\"cmsmasters_toggle_wrap\" data-tags=\"all \">\n<div class=\"cmsmasters_toggle_title\">\n<span class=\"cmsmasters_toggle_plus\">\n<span class=\"cmsmasters_toggle_plus_hor\"><\/span>\n<span class=\"cmsmasters_toggle_plus_vert\"><\/span>\n<\/span>\n<a href=\"#\">Verschonings- en Zorgruimte<\/a>\n<\/div>\n<div class=\"cmsmasters_toggle\">\n<div class=\"cmsmasters_toggle_inner\">\n<p>Elke baby heeft zijn eigen kastje voor persoonlijke spullen. De verschoningsruimte is aangepast aan de behoeften van zuigelingen en biedt hygi\u00ebne en comfort. Deze momenten worden met zorg en zachtheid begeleid, met oog voor de veiligheid en het welzijn van het kind.<\/p>\n<\/div>\n<\/div>\n<\/div><\/div>\n<\/div><\/div>\n<div id=\"cmsmasters_column_7elbqpnws\" class=\"cmsmasters_column one_half\">\n<div class=\"cmsmasters_column_inner\"><\/div><\/div>\n<\/div>\n<\/div>\n<\/div>\n<\/div>\n<\/div>\n<div id=\"cmsmasters_row_9erd090h7w\" class=\"cmsmasters_row cmsmasters_color_scheme_default cmsmasters_row_top_default cmsmasters_row_bot_default cmsmasters_row_fullwidth\">\n<div class=\"cmsmasters_row_outer_parent\">\n<div class=\"cmsmasters_row_outer\">\n<div class=\"cmsmasters_row_inner cmsmasters_row_fullwidth cmsmasters_row_no_margin\">\n<div class=\"cmsmasters_row_margin cmsmasters_row_columns_behavior\">\n<div id=\"cmsmasters_column_twpxomoxz\" class=\"cmsmasters_column one_half\">\n<div class=\"cmsmasters_column_inner\"><\/div><\/div>\n<div id=\"cmsmasters_column_jjwf8zy57\" class=\"cmsmasters_column one_half\">\n<div class=\"cmsmasters_column_inner\"><div id=\"cmsmasters_heading_089ito6yz\" class=\"cmsmasters_heading_wrap cmsmasters_heading_align_center\">\n\t<h2 class=\"cmsmasters_heading\">Objectifs : L\u2019\u00c9veil Sensoriel des B\u00e9b\u00e9s\ud83c\udfb6<\/h2>\n<\/div><div class=\"cmsmasters_text\">\n<p style=\"text-align: center;\">Sensorische ontwikkeling is van cruciaal belang vanaf de eerste levensjaren. Bij Bambi bieden we gevarieerde activiteiten aan om de vijf zintuigen van de baby\u2019s te stimuleren, wat hun cognitieve, motorische en emotionele ontwikkeling bevordert. Onze professionele opvoeders begeleiden deze momenten van ontdekking met zorg en aandacht:<\/p>\n<\/div>\n<\/div><\/div>\n<\/div>\n<\/div>\n<\/div>\n<\/div>\n<\/div>\n<div id=\"cmsmasters_row_lmtbin6d4\" class=\"cmsmasters_row cmsmasters_color_scheme_default cmsmasters_row_top_default cmsmasters_row_bot_default cmsmasters_row_fullwidth\">\n<div class=\"cmsmasters_row_outer_parent\">\n<div class=\"cmsmasters_row_outer\">\n<div class=\"cmsmasters_row_inner cmsmasters_row_fullwidth cmsmasters_row_no_margin\">\n<div class=\"cmsmasters_row_margin cmsmasters_row_columns_behavior\">\n<div id=\"cmsmasters_column_kv48m4pnvu\" class=\"cmsmasters_column one_half\">\n<div class=\"cmsmasters_column_inner\"><div class=\"cmsmasters_toggles toggles_mode_accordion\">\n<div class=\"cmsmasters_toggle_wrap current_toggle\" data-tags=\"all \">\n<div class=\"cmsmasters_toggle_title\">\n<span class=\"cmsmasters_toggle_plus\">\n<span class=\"cmsmasters_toggle_plus_hor\"><\/span>\n<span class=\"cmsmasters_toggle_plus_vert\"><\/span>\n<\/span>\n<a href=\"#\">Muzikale Ontwikkeling<\/a>\n<\/div>\n<div class=\"cmsmasters_toggle\">\n<div class=\"cmsmasters_toggle_inner\">\n<p>Berceuses , chants\u00a0 et comptines pour stimuler l\u2019ou\u00efe et initier les b\u00e9b\u00e9s aux rythmes et sons qui les entourent\ud83c\udfa4\ud83c\udfb5.<\/p>\n<\/div>\n<\/div>\n<\/div><div class=\"cmsmasters_toggle_wrap\" data-tags=\"all \">\n<div class=\"cmsmasters_toggle_title\">\n<span class=\"cmsmasters_toggle_plus\">\n<span class=\"cmsmasters_toggle_plus_hor\"><\/span>\n<span class=\"cmsmasters_toggle_plus_vert\"><\/span>\n<\/span>\n<a href=\"#\">Schilderen<\/a>\n<\/div>\n<div class=\"cmsmasters_toggle\">\n<div class=\"cmsmasters_toggle_inner\">\n<p>Activit\u00e9s sensorielles \ud83d\udd8c\ufe0f comme les empreintes de main, l\u2019utilisation de rouleaux ou de doigts pour encourager le toucher et la d\u00e9couverte tactile \ud83c\udfa8.<\/p>\n<\/div>\n<\/div>\n<\/div><div class=\"cmsmasters_toggle_wrap\" data-tags=\"all \">\n<div class=\"cmsmasters_toggle_title\">\n<span class=\"cmsmasters_toggle_plus\">\n<span class=\"cmsmasters_toggle_plus_hor\"><\/span>\n<span class=\"cmsmasters_toggle_plus_vert\"><\/span>\n<\/span>\n<a href=\"#\">Vingeractiviteiten<\/a>\n<\/div>\n<div class=\"cmsmasters_toggle\">\n<div class=\"cmsmasters_toggle_inner\">\n<p>Des jeux ludiques \ud83e\udde9 permettant de stimuler la motricit\u00e9 fine et la coordination \ud83e\udd39.<\/p>\n<\/div>\n<\/div>\n<\/div><div class=\"cmsmasters_toggle_wrap\" data-tags=\"all \">\n<div class=\"cmsmasters_toggle_title\">\n<span class=\"cmsmasters_toggle_plus\">\n<span class=\"cmsmasters_toggle_plus_hor\"><\/span>\n<span class=\"cmsmasters_toggle_plus_vert\"><\/span>\n<\/span>\n<a href=\"#\">Inbouwspelletjes<\/a>\n<\/div>\n<div class=\"cmsmasters_toggle\">\n<div class=\"cmsmasters_toggle_inner\">\n<p>Des jeux ludiques \ud83e\udde9 permettant de stimuler la motricit\u00e9 fine et la coordination \ud83e\udd39.<\/p>\n<\/div>\n<\/div>\n<\/div><\/div><div class=\"cmsmasters_text\">\n<p style=\"text-align: center; margin-top: 40px;\">Ainsi, chaque journ\u00e9e\u00a0 dans la nurserie de Bambi \ud83d\udc3e est une opportunit\u00e9 pour les nourrissons de d\u00e9couvrir le monde qui les entoure, tout en b\u00e9n\u00e9ficiant d\u2019une prise en charge chaleureuse, s\u00e9curisante et adapt\u00e9e \u00e0 leurs besoins \u2764\ufe0f\ud83c\udf1e.<\/p>\n<\/div>\n<\/div><\/div>\n<div id=\"cmsmasters_column_dnsn8yxpo\" class=\"cmsmasters_column one_half\">\n<div class=\"cmsmasters_column_inner\"><\/div><\/div>\n<\/div>\n<\/div>\n<\/div>\n<\/div>\n<\/div>\n<div id=\"cmsmasters_row_msc2ah0cpm\" class=\"cmsmasters_row cmsmasters_color_scheme_default cmsmasters_row_top_default cmsmasters_row_bot_default cmsmasters_row_boxed\">\n<div class=\"cmsmasters_row_outer_parent\">\n<div class=\"cmsmasters_row_outer\">\n<div class=\"cmsmasters_row_inner\">\n<div class=\"cmsmasters_row_margin\">\n<div id=\"cmsmasters_column_2wda3qfnj\" class=\"cmsmasters_column one_first\">\n<div class=\"cmsmasters_column_inner\"><div class=\"custom_html\">\n<audio autoplay loop><source src=\"https:\/\/bambiland.be\/wp-content\/uploads\/2024\/12\/You_Make_Me_Smile_-_Happy_Instrumental_Background_Music_for_Video__YTBMP3.org_.mp3\" type=\"audio\/mpeg\">Your browser does not support the audio element.<\/audio>\n<\/div>\n<\/div><\/div>\n<\/div>\n<\/div>\n<\/div>\n<\/div>\n<\/div>","protected":false},"excerpt":{"rendered":"","protected":false},"author":1,"featured_media":0,"parent":0,"menu_order":0,"comment_status":"closed","ping_status":"closed","template":"","meta":{"inline_featured_image":false,"footnotes":""},"class_list":["post-13674","page","type-page","status-publish","hentry"],"_links":{"self":[{"href":"https:\/\/bambiland.be\/nl\/wp-json\/wp\/v2\/pages\/13674","targetHints":{"allow":["GET"]}}],"collection":[{"href":"https:\/\/bambiland.be\/nl\/wp-json\/wp\/v2\/pages"}],"about":[{"href":"https:\/\/bambiland.be\/nl\/wp-json\/wp\/v2\/types\/page"}],"author":[{"embeddable":true,"href":"https:\/\/bambiland.be\/nl\/wp-json\/wp\/v2\/users\/1"}],"replies":[{"embeddable":true,"href":"https:\/\/bambiland.be\/nl\/wp-json\/wp\/v2\/comments?post=13674"}],"version-history":[{"count":37,"href":"https:\/\/bambiland.be\/nl\/wp-json\/wp\/v2\/pages\/13674\/revisions"}],"predecessor-version":[{"id":15424,"href":"https:\/\/bambiland.be\/nl\/wp-json\/wp\/v2\/pages\/13674\/revisions\/15424"}],"wp:attachment":[{"href":"https:\/\/bambiland.be\/nl\/wp-json\/wp\/v2\/media?parent=13674"}],"curies":[{"name":"wp","href":"https:\/\/api.w.org\/{rel}","templated":true}]}}